{"id":106,"date":"2020-10-08T15:09:12","date_gmt":"2020-10-08T15:09:12","guid":{"rendered":"https:\/\/nultsch-rechtsanwalt.de\/?page_id=106"},"modified":"2020-10-08T15:09:13","modified_gmt":"2020-10-08T15:09:13","slug":"start","status":"publish","type":"page","link":"https:\/\/nultsch-rechtsanwalt.de\/","title":{"rendered":"Start"},"content":{"rendered":"\n  \n    <section class=\"u-clearfix u-image u-shading u-section-1\" src=\"\" id=\"carousel_9cd7\">\n      <div class=\"u-clearfix u-sheet u-sheet-1\">\n        <div class=\"u-align-center u-container-style u-grey-25 u-group u-opacity u-opacity-95 u-group-1\">\n          <div class=\"u-container-layout u-valign-middle-sm u-valign-middle-xs u-container-layout-1\">\n            <h1 class=\"u-text u-text-custom-color-1 u-title u-text-1\">Herzlich Willkommen<\/h1>\n            <p class=\"u-large-text u-text u-text-variant u-text-2\">Rechtsanwalt Wolf-R\u00fcdiger Nultsch in Duisburg<\/p>\n          <\/div>\n        <\/div>\n      <\/div>\n    <\/section>\n    <section class=\"u-clearfix u-section-2\" id=\"carousel_fc7d\">\n      <div class=\"u-clearfix u-sheet u-valign-middle u-sheet-1\">\n        <h1 class=\"u-align-center u-text u-text-1\">Ihr Rechtsanwalt in Duisburg<\/h1>\n        <div class=\"u-border-3 u-border-custom-color-1 u-line u-line-horizontal u-line-1\"><\/div>\n      <\/div>\n    <\/section>\n    <section class=\"u-clearfix u-section-3\" id=\"carousel_93de\">\n      <div class=\"u-clearfix u-sheet u-sheet-1\">\n        <div class=\"u-clearfix u-expanded-width u-gutter-30 u-layout-wrap u-layout-wrap-1\">\n          <div class=\"u-layout\">\n            <div class=\"u-layout-row\">\n              <div class=\"u-align-left u-container-style u-layout-cell u-right-cell u-size-32 u-layout-cell-1\">\n                <div class=\"u-container-layout u-container-layout-1\">\n                  <p class=\"u-text u-text-1\">Herzlich Willkommen bei Rechtsanwalt Wolf-R\u00fcdiger Nultsch in Duisburg. Ich bin seit 1979 mit meiner Kanzlei f\u00fcr das allgemeine Recht t\u00e4tig.<br>\n                    <br>Meine Schwerpunkte liegen im Bau- und Architektenrecht, Miet- und Grundst\u00fccksrecht, Familienrecht, Verkehrsrecht sowie Straf- und Ordnungswidrigkeitsrecht. Ich bin au\u00dferdem Mitglied in der\"Deutschen Vereinigung f\u00fcr gewerblichen Rechtsschutz und Urheberrecht - GRUR\".\n                  <\/p>\n                  <p class=\"u-text u-text-default u-text-2\">Kontaktieren Sie mich und lassen Sie sich beraten.<\/p>\n                <\/div>\n              <\/div>\n              <div class=\"u-align-left u-container-style u-expand-resize u-layout-cell u-left-cell u-size-28 u-layout-cell-2\">\n                <div class=\"u-container-layout\">\n                  <div class=\"u-align-center u-container-style u-custom-color-1 u-group u-shape-rectangle u-group-1\">\n                    <div class=\"u-container-layout u-container-layout-3\">\n                      <h4 class=\"u-text u-text-3\">DIE RECHTSGEBIETE<\/h4>\n                    <\/div>\n                  <\/div><span class=\"u-grey-10 u-icon u-icon-circle u-opacity u-opacity-15 u-spacing-79 u-icon-1\"><svg class=\"u-svg-link\" preserveAspectRatio=\"xMidYMin slice\" viewBox=\"0 0 50 50\" style=\"\"><use xmlns:xlink=\"http:\/\/www.w3.org\/1999\/xlink\" xlink:href=\"#svg-4ca5\"><\/use><\/svg><svg xmlns=\"http:\/\/www.w3.org\/2000\/svg\" xmlns:xlink=\"http:\/\/www.w3.org\/1999\/xlink\" version=\"1.1\" xml:space=\"preserve\" class=\"u-svg-content\" viewBox=\"0 0 50 50\" x=\"0px\" y=\"0px\" id=\"svg-4ca5\" style=\"enable-background:new 0 0 50 50;\"><circle style=\"fill:#25AE88;\" cx=\"25\" cy=\"25\" r=\"25\"><\/circle><polyline style=\"fill:none;stroke:#FFFFFF;stroke-width:2;stroke-linecap:round;stroke-linejoin:round;stroke-miterlimit:10;\" points=\"\n\t38,15 22,33 12,25 \"><\/polyline><\/svg><\/span>\n                  <p class=\"u-text u-text-4\">Bau- und Architektenrecht<br>Miet- und Grundst\u00fccksrecht<br>Verkehrsrecht<br>Familienrecht<br>Straf- und Ordnungswidrigkeitsrecht\n                  <\/p>\n                <\/div>\n              <\/div>\n            <\/div>\n          <\/div>\n        <\/div>\n      <\/div>\n    <\/section>\n    \n    \n    \n  \n","protected":false},"excerpt":{"rendered":"<p>Herzlich Willkommen Rechtsanwalt Wolf-R\u00fcdiger Nultsch in Duisburg Ihr Rechtsanwalt in Duisburg Herzlich Willkommen bei Rechtsanwalt Wolf-R\u00fcdiger Nultsch in Duisburg. Ich bin seit 1979 mit meiner Kanzlei f\u00fcr das allgemeine Recht t\u00e4tig. Meine Schwerpunkte liegen im Bau- und Architektenrecht, Miet- und Grundst\u00fccksrecht, Familienrecht, Verkehrsrecht sowie Straf- und Ordnungswidrigkeitsrecht. Ich bin au\u00dferdem Mitglied in der&#8220;Deutschen Vereinigung f\u00fcr &hellip; <a href=\"https:\/\/nultsch-rechtsanwalt.de\/\" class=\"more-link\">Continue reading<span class=\"screen-reader-text\"> &#8222;Start&#8220;<\/span><\/a><\/p>\n","protected":false},"author":1,"featured_media":0,"parent":0,"menu_order":5,"comment_status":"closed","ping_status":"closed","template":"","meta":{"footnotes":""},"class_list":["post-106","page","type-page","status-publish","hentry"],"_links":{"self":[{"href":"https:\/\/nultsch-rechtsanwalt.de\/index.php?rest_route=\/wp\/v2\/pages\/106","targetHints":{"allow":["GET"]}}],"collection":[{"href":"https:\/\/nultsch-rechtsanwalt.de\/index.php?rest_route=\/wp\/v2\/pages"}],"about":[{"href":"https:\/\/nultsch-rechtsanwalt.de\/index.php?rest_route=\/wp\/v2\/types\/page"}],"author":[{"embeddable":true,"href":"https:\/\/nultsch-rechtsanwalt.de\/index.php?rest_route=\/wp\/v2\/users\/1"}],"replies":[{"embeddable":true,"href":"https:\/\/nultsch-rechtsanwalt.de\/index.php?rest_route=%2Fwp%2Fv2%2Fcomments&post=106"}],"version-history":[{"count":1,"href":"https:\/\/nultsch-rechtsanwalt.de\/index.php?rest_route=\/wp\/v2\/pages\/106\/revisions"}],"predecessor-version":[{"id":111,"href":"https:\/\/nultsch-rechtsanwalt.de\/index.php?rest_route=\/wp\/v2\/pages\/106\/revisions\/111"}],"wp:attachment":[{"href":"https:\/\/nultsch-rechtsanwalt.de\/index.php?rest_route=%2Fwp%2Fv2%2Fmedia&parent=106"}],"curies":[{"name":"wp","href":"https:\/\/api.w.org\/{rel}","templated":true}]}}